{"id":7195,"date":"2017-11-27T14:45:13","date_gmt":"2017-11-27T13:45:13","guid":{"rendered":"https:\/\/alfarange.com\/kontakt\/"},"modified":"2022-11-07T09:03:35","modified_gmt":"2022-11-07T08:03:35","slug":"kontakt","status":"publish","type":"page","link":"https:\/\/alfarange.com\/de\/kontakt\/","title":{"rendered":"Kontakt"},"content":{"rendered":"<p>[vc_row][vc_column width=&#8220;8\/12&#8243; icons_position=&#8220;left&#8220;]<div id=\"sc_title_1269186541\"\r\n\t\tclass=\"sc_title color_style_default sc_title_iconed\"><h1 class=\"sc_item_title sc_title_title sc_align_left sc_item_title_style_iconed sc_item_title_tag\">Kontakt<\/h1><\/div><!-- \/.sc_title -->[vc_empty_space alter_height=&#8220;small&#8220; hide_on_desktop=&#8220;1&#8243; hide_on_notebook=&#8220;1&#8243; hide_on_tablet=&#8220;1&#8243; hide_on_mobile=&#8220;&#8220;]<div id=\"sc_content_658060674\"\r\n\t\tclass=\"sc_content color_style_default sc_content_default sc_float_center sc_padding_small  vc_custom_1519484702224\"><div class=\"sc_content_container\">[vc_row_inner content_placement=&#8220;middle&#8220;][vc_column_inner width=&#8220;5\/12&#8243; icons_position=&#8220;left&#8220;][vc_column_text]<strong>MFL Group s.r.o.<\/strong><\/p>\n<p>Ident.-Nr: 28605284<br \/>\nUst-IdNr: CZ28605284<\/p>\n<p>Stra\u00dfe L\u00edpov\u00e1 1128<br \/>\n737 01 \u010cesk\u00fd T\u011b\u0161\u00edn<br \/>\nTschechische Republik<\/p>\n<p><strong>Telefon<\/strong><br \/>\n<a href=\"tel:+420739180855\" rel=\"noopener\">+420 739 180 855<\/a><\/p>\n<p><strong>E-Mail:<\/strong><br \/>\n<a href=\"mailto:info@alfarange.com\" rel=\"noopener\">info@alfarange.com<\/a>[\/vc_column_text][\/vc_column_inner][vc_column_inner width=&#8220;7\/12&#8243; fix_column=&#8220;&#8220; shift_x=&#8220;tiny&#8220; hide_bg_image_on_tablet=&#8220;&#8220; hide_bg_image_on_mobile=&#8220;&#8220; icons_position=&#8220;left&#8220;][vc_empty_space alter_height=&#8220;small&#8220; hide_on_desktop=&#8220;1&#8243; hide_on_notebook=&#8220;1&#8243; hide_on_tablet=&#8220;1&#8243; hide_on_mobile=&#8220;&#8220;]<div id=\"sc_googlemap_2060335697_wrap\" class=\"sc_googlemap_wrap\"><div id=\"sc_googlemap_2060335697\"\r\n\t\t\tclass=\"sc_googlemap sc_googlemap_default trx_addons_inline_1892106077\"\r\n\t\t\t\t\t\tdata-zoom=\"12\"\r\n\t\t\tdata-style=\"dark\"\r\n\t\t\tdata-cluster-icon=\"\"\r\n        ><iframe\r\n                    src=\"https:\/\/maps.google.com\/maps?t=m&output=embed&iwloc=near&z=12&q=ul.+L%C3%ADpov%C3%A1+1128+737+01+%C4%8Cesk%C3%BD+T%C4%9B%C5%A1%C3%ADn@49.74237031109376,18.603957226347617\"\r\n                    scrolling=\"no\"\r\n                    marginheight=\"0\"\r\n                    marginwidth=\"0\"\r\n                    frameborder=\"0\"\r\n                    aria-label=\"Alfarange\"><\/iframe><\/div><\/div><!-- \/.sc_googlemap_wrap -->[\/vc_column_inner][\/vc_row_inner]<\/div><\/div><!-- \/.sc_content -->[\/vc_column][vc_column width=&#8220;4\/12&#8243; icons_position=&#8220;left&#8220;][vc_empty_space alter_height=&#8220;small&#8220; hide_on_desktop=&#8220;1&#8243; hide_on_notebook=&#8220;1&#8243; hide_on_tablet=&#8220;1&#8243; hide_on_mobile=&#8220;&#8220;]<div id=\"sc_title_554046410\"\r\n\t\tclass=\"sc_title color_style_default sc_title_iconed\"><h1 class=\"sc_item_title sc_title_title sc_align_left sc_item_title_style_iconed sc_item_title_tag\">Kontakt aufnehmen<\/h1><\/div><!-- \/.sc_title -->[vc_empty_space alter_height=&#8220;small&#8220; hide_on_desktop=&#8220;1&#8243; hide_on_notebook=&#8220;1&#8243; hide_on_tablet=&#8220;1&#8243; hide_on_mobile=&#8220;&#8220;]\n<div class=\"wpcf7 no-js\" id=\"wpcf7-f7431-o1\" lang=\"de-DE\" dir=\"ltr\" data-wpcf7-id=\"7431\">\n<div class=\"screen-reader-response\"><p role=\"status\" aria-live=\"polite\" aria-atomic=\"true\"><\/p> <ul><\/ul><\/div>\n<form action=\"\/de\/wp-json\/wp\/v2\/pages\/7195#wpcf7-f7431-o1\" method=\"post\" class=\"wpcf7-form init\" aria-label=\"Kontaktformular\" novalidate=\"novalidate\" data-status=\"init\">\n<fieldset class=\"hidden-fields-container\"><input type=\"hidden\" name=\"_wpcf7\" value=\"7431\" \/><input type=\"hidden\" name=\"_wpcf7_version\" value=\"6.1.5\" \/><input type=\"hidden\" name=\"_wpcf7_locale\" value=\"de_DE\" \/><input type=\"hidden\" name=\"_wpcf7_unit_tag\" value=\"wpcf7-f7431-o1\" \/><input type=\"hidden\" name=\"_wpcf7_container_post\" value=\"0\" \/><input type=\"hidden\" name=\"_wpcf7_posted_data_hash\" value=\"\" \/>\n<\/fieldset>\n<p><span class=\"wpcf7-form-control-wrap\" data-name=\"your-name\"><input size=\"40\" maxlength=\"400\" class=\"wpcf7-form-control wpcf7-text wpcf7-validates-as-required\" aria-required=\"true\" aria-invalid=\"false\" placeholder=\"Dein Name\" value=\"\" type=\"text\" name=\"your-name\" \/><\/span><span class=\"wpcf7-form-control-wrap\" data-name=\"your-email\"><input size=\"40\" maxlength=\"400\" class=\"wpcf7-form-control wpcf7-email wpcf7-validates-as-required wpcf7-text wpcf7-validates-as-email\" aria-required=\"true\" aria-invalid=\"false\" placeholder=\"Deine E-Mail-Adresse\" value=\"\" type=\"email\" name=\"your-email\" \/><\/span><span class=\"wpcf7-form-control-wrap\" data-name=\"your-tel\"><input size=\"40\" maxlength=\"400\" class=\"wpcf7-form-control wpcf7-tel wpcf7-text wpcf7-validates-as-tel\" aria-invalid=\"false\" placeholder=\"Deine Telefonnummer\" value=\"\" type=\"tel\" name=\"your-tel\" \/><\/span><span class=\"wpcf7-form-control-wrap\" data-name=\"your-message\"><textarea cols=\"40\" rows=\"10\" maxlength=\"2000\" class=\"wpcf7-form-control wpcf7-textarea\" aria-invalid=\"false\" placeholder=\"Deine Nachricht\" name=\"your-message\"><\/textarea><\/span><span class=\"wpcf7-form-control-wrap\" data-name=\"acceptance-157\"><span class=\"wpcf7-form-control wpcf7-acceptance\"><span class=\"wpcf7-list-item\"><label><input type=\"checkbox\" name=\"acceptance-157\" value=\"1\" aria-invalid=\"false\" \/><span class=\"wpcf7-list-item-label\">Ich bin mit der Erhebung und Speicherung meiner Daten einverstanden.<\/span><\/label><\/span><\/span><\/span><span id=\"wpcf7-6a04ddd907dcb-wrapper\" class=\"wpcf7-form-control-wrap hpot-910-wrap\" style=\"display:none !important; visibility:hidden !important;\"><input type=\"hidden\" name=\"hpot-910-time-start\" value=\"1778703833\"><input type=\"hidden\" name=\"hpot-910-time-check\" value=\"4\"><label for=\"wpcf7-6a04ddd907dcb-field\" class=\"hp-message\">Bitte lasse dieses Feld leer.<\/label><input id=\"wpcf7-6a04ddd907dcb-field\"  class=\"wpcf7-form-control wpcf7-text\" type=\"text\" name=\"hpot-910\" value=\"\" size=\"40\" tabindex=\"-1\" autocomplete=\"new-password\" \/><\/span>\n<\/p>\n<p><input class=\"wpcf7-form-control wpcf7-submit has-spinner\" type=\"submit\" value=\"Odeslat\" \/>\n<\/p><div class=\"wpcf7-response-output\" aria-hidden=\"true\"><\/div>\n<\/form>\n<\/div>\n[\/vc_column][\/vc_row]<\/p>\n","protected":false},"excerpt":{"rendered":"<p>[vc_row][vc_column width=&#8220;8\/12&#8243; icons_position=&#8220;left&#8220;][vc_empty_space alter_height=&#8220;small&#8220; hide_on_desktop=&#8220;1&#8243; hide_on_notebook=&#8220;1&#8243; hide_on_tablet=&#8220;1&#8243; hide_on_mobile=&#8220;&#8220;][\/vc_column][vc_column width=&#8220;4\/12&#8243; icons_position=&#8220;left&#8220;][vc_empty_space alter_height=&#8220;small&#8220; hide_on_desktop=&#8220;1&#8243; hide_on_notebook=&#8220;1&#8243; hide_on_tablet=&#8220;1&#8243; hide_on_mobile=&#8220;&#8220;][vc_empty_space alter_height=&#8220;small&#8220; hide_on_desktop=&#8220;1&#8243; hide_on_notebook=&#8220;1&#8243; hide_on_tablet=&#8220;1&#8243; hide_on_mobile=&#8220;&#8220;][\/vc_column][\/vc_row]<\/p>\n","protected":false},"author":1,"featured_media":0,"parent":0,"menu_order":0,"comment_status":"closed","ping_status":"closed","template":"","meta":{"footnotes":""},"class_list":["post-7195","page","type-page","status-publish","hentry"],"yoast_head":"<!-- This site is optimized with the Yoast SEO plugin v24.0 - https:\/\/yoast.com\/wordpress\/plugins\/seo\/ -->\n<title>Kontakt - Alfarange<\/title>\n<meta name=\"robots\" content=\"index, follow, max-snippet:-1, max-image-preview:large, max-video-preview:-1\" \/>\n<link rel=\"canonical\" href=\"https:\/\/alfarange.com\/de\/kontakt\/\" \/>\n<meta property=\"og:locale\" content=\"de_DE\" \/>\n<meta property=\"og:type\" content=\"article\" \/>\n<meta property=\"og:title\" content=\"Kontakt - Alfarange\" \/>\n<meta property=\"og:description\" content=\"[vc_row][vc_column width=&#8220;8\/12&#8243; icons_position=&#8220;left&#8220;][vc_empty_space alter_height=&#8220;small&#8220; hide_on_desktop=&#8220;1&#8243; hide_on_notebook=&#8220;1&#8243; hide_on_tablet=&#8220;1&#8243; hide_on_mobile=&#8220;&#8220;][\/vc_column][vc_column width=&#8220;4\/12&#8243; icons_position=&#8220;left&#8220;][vc_empty_space alter_height=&#8220;small&#8220; hide_on_desktop=&#8220;1&#8243; hide_on_notebook=&#8220;1&#8243; hide_on_tablet=&#8220;1&#8243; hide_on_mobile=&#8220;&#8220;][vc_empty_space alter_height=&#8220;small&#8220; hide_on_desktop=&#8220;1&#8243; hide_on_notebook=&#8220;1&#8243; hide_on_tablet=&#8220;1&#8243; hide_on_mobile=&#8220;&#8220;][\/vc_column][\/vc_row]\" \/>\n<meta property=\"og:url\" content=\"https:\/\/alfarange.com\/de\/kontakt\/\" \/>\n<meta property=\"og:site_name\" content=\"Alfarange\" \/>\n<meta property=\"article:modified_time\" content=\"2022-11-07T08:03:35+00:00\" \/>\n<meta name=\"twitter:card\" content=\"summary_large_image\" \/>\n<meta name=\"twitter:label1\" content=\"Gesch\u00e4tzte Lesezeit\" \/>\n\t<meta name=\"twitter:data1\" content=\"2\u00a0Minuten\" \/>\n<script type=\"application\/ld+json\" class=\"yoast-schema-graph\">{\"@context\":\"https:\/\/schema.org\",\"@graph\":[{\"@type\":\"WebPage\",\"@id\":\"https:\/\/alfarange.com\/de\/kontakt\/\",\"url\":\"https:\/\/alfarange.com\/de\/kontakt\/\",\"name\":\"Kontakt - Alfarange\",\"isPartOf\":{\"@id\":\"https:\/\/alfarange.com\/de\/#website\"},\"datePublished\":\"2017-11-27T13:45:13+00:00\",\"dateModified\":\"2022-11-07T08:03:35+00:00\",\"breadcrumb\":{\"@id\":\"https:\/\/alfarange.com\/de\/kontakt\/#breadcrumb\"},\"inLanguage\":\"de\",\"potentialAction\":[{\"@type\":\"ReadAction\",\"target\":[\"https:\/\/alfarange.com\/de\/kontakt\/\"]}]},{\"@type\":\"BreadcrumbList\",\"@id\":\"https:\/\/alfarange.com\/de\/kontakt\/#breadcrumb\",\"itemListElement\":[{\"@type\":\"ListItem\",\"position\":1,\"name\":\"\u00davod\",\"item\":\"https:\/\/alfarange.com\/de\/startseite\/\"},{\"@type\":\"ListItem\",\"position\":2,\"name\":\"Kontakt\"}]},{\"@type\":\"WebSite\",\"@id\":\"https:\/\/alfarange.com\/de\/#website\",\"url\":\"https:\/\/alfarange.com\/de\/\",\"name\":\"Alfarange\",\"description\":\"Budujeme pokro\u010dil\u00e9 st\u0159elnice\",\"publisher\":{\"@id\":\"https:\/\/alfarange.com\/de\/#organization\"},\"potentialAction\":[{\"@type\":\"SearchAction\",\"target\":{\"@type\":\"EntryPoint\",\"urlTemplate\":\"https:\/\/alfarange.com\/de\/?s={search_term_string}\"},\"query-input\":{\"@type\":\"PropertyValueSpecification\",\"valueRequired\":true,\"valueName\":\"search_term_string\"}}],\"inLanguage\":\"de\"},{\"@type\":\"Organization\",\"@id\":\"https:\/\/alfarange.com\/de\/#organization\",\"name\":\"Alfarange\",\"url\":\"https:\/\/alfarange.com\/de\/\",\"logo\":{\"@type\":\"ImageObject\",\"inLanguage\":\"de\",\"@id\":\"https:\/\/alfarange.com\/de\/#\/schema\/logo\/image\/\",\"url\":\"https:\/\/mlhxlhe1gzh2.i.optimole.com\/w:auto\/h:auto\/q:mauto\/f:best\/https:\/\/alfarange.com\/wp-content\/uploads\/2017\/11\/logo-black.png\",\"contentUrl\":\"https:\/\/mlhxlhe1gzh2.i.optimole.com\/w:auto\/h:auto\/q:mauto\/f:best\/https:\/\/alfarange.com\/wp-content\/uploads\/2017\/11\/logo-black.png\",\"width\":239,\"height\":47,\"caption\":\"Alfarange\"},\"image\":{\"@id\":\"https:\/\/alfarange.com\/de\/#\/schema\/logo\/image\/\"}}]}<\/script>\n<!-- \/ Yoast SEO plugin. -->","yoast_head_json":{"title":"Kontakt - Alfarange","robots":{"index":"index","follow":"follow","max-snippet":"max-snippet:-1","max-image-preview":"max-image-preview:large","max-video-preview":"max-video-preview:-1"},"canonical":"https:\/\/alfarange.com\/de\/kontakt\/","og_locale":"de_DE","og_type":"article","og_title":"Kontakt - Alfarange","og_description":"[vc_row][vc_column width=&#8220;8\/12&#8243; icons_position=&#8220;left&#8220;][vc_empty_space alter_height=&#8220;small&#8220; hide_on_desktop=&#8220;1&#8243; hide_on_notebook=&#8220;1&#8243; hide_on_tablet=&#8220;1&#8243; hide_on_mobile=&#8220;&#8220;][\/vc_column][vc_column width=&#8220;4\/12&#8243; icons_position=&#8220;left&#8220;][vc_empty_space alter_height=&#8220;small&#8220; hide_on_desktop=&#8220;1&#8243; hide_on_notebook=&#8220;1&#8243; hide_on_tablet=&#8220;1&#8243; hide_on_mobile=&#8220;&#8220;][vc_empty_space alter_height=&#8220;small&#8220; hide_on_desktop=&#8220;1&#8243; hide_on_notebook=&#8220;1&#8243; hide_on_tablet=&#8220;1&#8243; hide_on_mobile=&#8220;&#8220;][\/vc_column][\/vc_row]","og_url":"https:\/\/alfarange.com\/de\/kontakt\/","og_site_name":"Alfarange","article_modified_time":"2022-11-07T08:03:35+00:00","twitter_card":"summary_large_image","twitter_misc":{"Gesch\u00e4tzte Lesezeit":"2\u00a0Minuten"},"schema":{"@context":"https:\/\/schema.org","@graph":[{"@type":"WebPage","@id":"https:\/\/alfarange.com\/de\/kontakt\/","url":"https:\/\/alfarange.com\/de\/kontakt\/","name":"Kontakt - Alfarange","isPartOf":{"@id":"https:\/\/alfarange.com\/de\/#website"},"datePublished":"2017-11-27T13:45:13+00:00","dateModified":"2022-11-07T08:03:35+00:00","breadcrumb":{"@id":"https:\/\/alfarange.com\/de\/kontakt\/#breadcrumb"},"inLanguage":"de","potentialAction":[{"@type":"ReadAction","target":["https:\/\/alfarange.com\/de\/kontakt\/"]}]},{"@type":"BreadcrumbList","@id":"https:\/\/alfarange.com\/de\/kontakt\/#breadcrumb","itemListElement":[{"@type":"ListItem","position":1,"name":"\u00davod","item":"https:\/\/alfarange.com\/de\/startseite\/"},{"@type":"ListItem","position":2,"name":"Kontakt"}]},{"@type":"WebSite","@id":"https:\/\/alfarange.com\/de\/#website","url":"https:\/\/alfarange.com\/de\/","name":"Alfarange","description":"Budujeme pokro\u010dil\u00e9 st\u0159elnice","publisher":{"@id":"https:\/\/alfarange.com\/de\/#organization"},"potentialAction":[{"@type":"SearchAction","target":{"@type":"EntryPoint","urlTemplate":"https:\/\/alfarange.com\/de\/?s={search_term_string}"},"query-input":{"@type":"PropertyValueSpecification","valueRequired":true,"valueName":"search_term_string"}}],"inLanguage":"de"},{"@type":"Organization","@id":"https:\/\/alfarange.com\/de\/#organization","name":"Alfarange","url":"https:\/\/alfarange.com\/de\/","logo":{"@type":"ImageObject","inLanguage":"de","@id":"https:\/\/alfarange.com\/de\/#\/schema\/logo\/image\/","url":"https:\/\/mlhxlhe1gzh2.i.optimole.com\/w:auto\/h:auto\/q:mauto\/f:best\/https:\/\/alfarange.com\/wp-content\/uploads\/2017\/11\/logo-black.png","contentUrl":"https:\/\/mlhxlhe1gzh2.i.optimole.com\/w:auto\/h:auto\/q:mauto\/f:best\/https:\/\/alfarange.com\/wp-content\/uploads\/2017\/11\/logo-black.png","width":239,"height":47,"caption":"Alfarange"},"image":{"@id":"https:\/\/alfarange.com\/de\/#\/schema\/logo\/image\/"}}]}},"_links":{"self":[{"href":"https:\/\/alfarange.com\/de\/wp-json\/wp\/v2\/pages\/7195","targetHints":{"allow":["GET"]}}],"collection":[{"href":"https:\/\/alfarange.com\/de\/wp-json\/wp\/v2\/pages"}],"about":[{"href":"https:\/\/alfarange.com\/de\/wp-json\/wp\/v2\/types\/page"}],"author":[{"embeddable":true,"href":"https:\/\/alfarange.com\/de\/wp-json\/wp\/v2\/users\/1"}],"replies":[{"embeddable":true,"href":"https:\/\/alfarange.com\/de\/wp-json\/wp\/v2\/comments?post=7195"}],"version-history":[{"count":9,"href":"https:\/\/alfarange.com\/de\/wp-json\/wp\/v2\/pages\/7195\/revisions"}],"predecessor-version":[{"id":7690,"href":"https:\/\/alfarange.com\/de\/wp-json\/wp\/v2\/pages\/7195\/revisions\/7690"}],"wp:attachment":[{"href":"https:\/\/alfarange.com\/de\/wp-json\/wp\/v2\/media?parent=7195"}],"curies":[{"name":"wp","href":"https:\/\/api.w.org\/{rel}","templated":true}]}}